{"id":1779,"date":"2023-04-21T14:53:14","date_gmt":"2023-04-21T12:53:14","guid":{"rendered":"https:\/\/racer-group.de\/?page_id=1779"},"modified":"2023-07-17T15:07:19","modified_gmt":"2023-07-17T13:07:19","slug":"lapproche-du-racer","status":"publish","type":"page","link":"https:\/\/racer-group.de\/fr\/der-racer-ansatz\/","title":{"rendered":"L'approche RACER"},"content":{"rendered":"<p>[et_pb_section fb_built=&#8220;1&#8243; fullwidth=&#8220;on&#8220; _builder_version=&#8220;4.17.4&#8243; _module_preset=&#8220;default&#8220; background_color=&#8220;#FFFFFF&#8220; border_width_bottom=&#8220;3px&#8220; border_color_bottom=&#8220;#690109&#8243; global_colors_info=&#8220;{}&#8220;][et_pb_fullwidth_header title=&#8220;UNSER ANSATZ&#8220; text_orientation=&#8220;center&#8220; header_fullscreen=&#8220;on&#8220; header_scroll_down=&#8220;on&#8220; scroll_down_icon=&#8220;%%1%%&#8220; scroll_down_icon_color=&#8220;#FFFFFF&#8220; scroll_down_icon_size=&#8220;30px&#8220; button_one_text=&#8220;mehr erfahren&#8220; button_one_url=&#8220;#start&#8220; button_two_url=&#8220;#news&#8220; background_overlay_color=&#8220;rgba(0,0,0,0.15)&#8220; _builder_version=&#8220;4.17.4&#8243; _module_preset=&#8220;default&#8220; title_font=&#8220;|600|||||||&#8220; title_text_color=&#8220;#000000&#8243; title_font_size=&#8220;60px&#8220; content_font_size=&#8220;18px&#8220; background_enable_color=&#8220;off&#8220; background_video_mp4=&#8220;https:\/\/racer-group.de\/wordpress\/wp-content\/uploads\/hg_ansatz.mp4&#8243; custom_button_one=&#8220;on&#8220; button_one_border_width=&#8220;1px&#8220; button_one_font=&#8220;Oswald||||||||&#8220; custom_button_two=&#8220;on&#8220; button_two_border_width=&#8220;1px&#8220; button_two_font=&#8220;Oswald||||||||&#8220; animation_style=&#8220;fade&#8220; animation_duration=&#8220;2000ms&#8220; animation_delay=&#8220;1000ms&#8220; global_colors_info=&#8220;{}&#8220;]<\/p>\n<p style=\"text-align: center;\">Benchmarking und Best Practice Austausch als Basis f\u00fcr die Interpretation der Ergebnisse von Mitarbeitendenbefragungen, Erschlie\u00dfen von Handlungsfeldern sowie der zielgerichteten Ableitung von Folgema\u00dfnahmen.<\/p>\n<p>&nbsp;<\/p>\n<p style=\"text-align: center;\">[\/et_pb_fullwidth_header][\/et_pb_section][et_pb_section fb_built=&#8220;1&#8243; admin_label=&#8220;CONTENT | HERAUSFORDERUNG&#8220; module_id=&#8220;start&#8220; _builder_version=&#8220;4.17.4&#8243; background_color=&#8220;#ffffff&#8220; custom_padding=&#8220;|||&#8220; global_colors_info=&#8220;{}&#8220;][et_pb_row column_structure=&#8220;1_3,2_3&#8243; _builder_version=&#8220;4.16&#8243; global_colors_info=&#8220;{}&#8220;][et_pb_column type=&#8220;1_3&#8243; _builder_version=&#8220;4.16&#8243; custom_padding=&#8220;|||&#8220; global_colors_info=&#8220;{}&#8220; custom_padding__hover=&#8220;|||&#8220;][et_pb_text admin_label=&#8220;leer&#8220; _builder_version=&#8220;4.17.4&#8243; text_font=&#8220;|600|||||||&#8220; text_font_size=&#8220;20px&#8220; global_colors_info=&#8220;{}&#8220;][\/et_pb_text][et_pb_text admin_label=&#8220;DIE GRUPPE&#8220; _builder_version=&#8220;4.17.4&#8243; header_font=&#8220;|600|||||||&#8220; header_font_size=&#8220;36px&#8220; global_colors_info=&#8220;{}&#8220;]<\/p>\n<h1>HERAUSFORDERUNG<\/h1>\n<p>[\/et_pb_text][et_pb_divider _builder_version=&#8220;4.16&#8243; global_colors_info=&#8220;{}&#8220;][\/et_pb_divider][et_pb_text admin_label=&#8220;Subline&#8220; _builder_version=&#8220;4.17.4&#8243; text_font=&#8220;|300|||||||&#8220; text_font_size=&#8220;21px&#8220; global_colors_info=&#8220;{}&#8220;]<\/p>\n<p>Was die Sache komplexer macht<\/p>\n<p>[\/et_pb_text][\/et_pb_column][et_pb_column type=&#8220;2_3&#8243; _builder_version=&#8220;4.16&#8243; custom_padding=&#8220;|||&#8220; global_colors_info=&#8220;{}&#8220; custom_padding__hover=&#8220;|||&#8220;][et_pb_text admin_label=&#8220;leer&#8220; _builder_version=&#8220;4.17.4&#8243; text_font_size=&#8220;18px&#8220; global_colors_info=&#8220;{}&#8220;][\/et_pb_text][et_pb_text _builder_version=&#8220;4.17.4&#8243; text_font_size=&#8220;17px&#8220; text_line_height=&#8220;1.8em&#8220; z_index_tablet=&#8220;500&#8243; text_text_shadow_horizontal_length_tablet=&#8220;0px&#8220; text_text_shadow_vertical_length_tablet=&#8220;0px&#8220; text_text_shadow_blur_strength_tablet=&#8220;1px&#8220; link_text_shadow_horizontal_length_tablet=&#8220;0px&#8220; link_text_shadow_vertical_length_tablet=&#8220;0px&#8220; link_text_shadow_blur_strength_tablet=&#8220;1px&#8220; ul_text_shadow_horizontal_length_tablet=&#8220;0px&#8220; ul_text_shadow_vertical_length_tablet=&#8220;0px&#8220; ul_text_shadow_blur_strength_tablet=&#8220;1px&#8220; ol_text_shadow_horizontal_length_tablet=&#8220;0px&#8220; ol_text_shadow_vertical_length_tablet=&#8220;0px&#8220; ol_text_shadow_blur_strength_tablet=&#8220;1px&#8220; quote_text_shadow_horizontal_length_tablet=&#8220;0px&#8220; quote_text_shadow_vertical_length_tablet=&#8220;0px&#8220; quote_text_shadow_blur_strength_tablet=&#8220;1px&#8220; header_text_shadow_horizontal_length_tablet=&#8220;0px&#8220; header_text_shadow_vertical_length_tablet=&#8220;0px&#8220; header_text_shadow_blur_strength_tablet=&#8220;1px&#8220; header_2_text_shadow_horizontal_length_tablet=&#8220;0px&#8220; header_2_text_shadow_vertical_length_tablet=&#8220;0px&#8220; header_2_text_shadow_blur_strength_tablet=&#8220;1px&#8220; header_3_text_shadow_horizontal_length_tablet=&#8220;0px&#8220; header_3_text_shadow_vertical_length_tablet=&#8220;0px&#8220; header_3_text_shadow_blur_strength_tablet=&#8220;1px&#8220; header_4_text_shadow_horizontal_length_tablet=&#8220;0px&#8220; header_4_text_shadow_vertical_length_tablet=&#8220;0px&#8220; header_4_text_shadow_blur_strength_tablet=&#8220;1px&#8220; header_5_text_shadow_horizontal_length_tablet=&#8220;0px&#8220; header_5_text_shadow_vertical_length_tablet=&#8220;0px&#8220; header_5_text_shadow_blur_strength_tablet=&#8220;1px&#8220; header_6_text_shadow_horizontal_length_tablet=&#8220;0px&#8220; header_6_text_shadow_vertical_length_tablet=&#8220;0px&#8220; header_6_text_shadow_blur_strength_tablet=&#8220;1px&#8220; box_shadow_horizontal_tablet=&#8220;0px&#8220; box_shadow_vertical_tablet=&#8220;0px&#8220; box_shadow_blur_tablet=&#8220;40px&#8220; box_shadow_spread_tablet=&#8220;0px&#8220; global_colors_info=&#8220;{}&#8220;]<\/p>\n<p>Die MAB, ob als Vollbefragung, Teilbefragung, Pulse Check oder weiteren Formaten, sollte bei Einsatz immer wesentlicher Bestandteil der Organisationsentwicklung sein.<\/p>\n<p>Vor allem bei der Interpretation der Ergebnisse einer MAB, aber auch der anschlie\u00dfenden \u00a0Identifizierung von Handlungsfeldern sowie der zielgerichteten Ableitung von Folgema\u00dfnahmen, k\u00f6nnen interne und externe Benchmarks entscheidende Hinweise liefern.<\/p>\n<p>Externe Benchmarks werden in der Regel von Dienstleistern eingekauft und liefern eine erste Standortbestimmung im Vergleich zu anderen Unternehmen wie Wettbewerbern, aber auch mehr oder weniger vergleichbaren Organisationen und Firmen.<\/p>\n<p>Mit externen Benchmarks geht h\u00e4ufig eine Intransparenz bez\u00fcglich Berechnung derselbigen, der Vergleichbarkeit von Fragestellungen sowie den einflie\u00dfenden Unternehmen und Informationen einher.<\/p>\n<p>Dieser Umstand stellt F\u00fchrungskr\u00e4fte und Unternehmen vor enorme Herausforderungen bei der Interpretation und Weiterarbeit mit den Benchmarks und f\u00fchrt zu kaum einsch\u00e4tzbaren Auswirkungen \u00a0auf die Entwicklungen von Folgema\u00dfnahmen.<\/p>\n<p>&nbsp;<\/p>\n<p>[\/et_pb_text][et_pb_button button_url=&#8220;#loesung&#8220; button_text=&#8220;L\u00f6sungsweg aufzeigen&#8220; _builder_version=&#8220;4.17.4&#8243; custom_button=&#8220;on&#8220; button_border_width=&#8220;1px&#8220; button_font=&#8220;Oswald||||||||&#8220; global_colors_info=&#8220;{}&#8220;][\/et_pb_button][\/et_pb_column][\/et_pb_row][\/et_pb_section][et_pb_section fb_built=&#8220;1&#8243; admin_label=&#8220;STATEMENT: Mit externen benchmarks&#8220; _builder_version=&#8220;4.17.4&#8243; background_color=&#8220;#690109&#8243; use_background_color_gradient=&#8220;on&#8220; background_color_gradient_stops=&#8220;rgba(170,170,170,0.9) 12%|rgba(10,0,0,0.38) 100%&#8220; background_color_gradient_overlays_image=&#8220;on&#8220; background_image=&#8220;https:\/\/racer-group.de\/wordpress\/wp-content\/uploads\/header_titel.jpg&#8220; parallax=&#8220;on&#8220; z_index_tablet=&#8220;500&#8243; border_width_top=&#8220;3px&#8220; border_color_top=&#8220;#690109&#8243; box_shadow_horizontal_tablet=&#8220;0px&#8220; box_shadow_vertical_tablet=&#8220;0px&#8220; box_shadow_blur_tablet=&#8220;40px&#8220; box_shadow_spread_tablet=&#8220;0px&#8220; global_colors_info=&#8220;{}&#8220;][et_pb_row module_id=&#8220;gruppe&#8220; _builder_version=&#8220;4.17.4&#8243; z_index_tablet=&#8220;500&#8243; box_shadow_horizontal_tablet=&#8220;0px&#8220; box_shadow_vertical_tablet=&#8220;0px&#8220; box_shadow_blur_tablet=&#8220;40px&#8220; box_shadow_spread_tablet=&#8220;0px&#8220; global_colors_info=&#8220;{}&#8220;][et_pb_column type=&#8220;4_4&#8243; _builder_version=&#8220;4.16&#8243; custom_padding=&#8220;|||&#8220; global_colors_info=&#8220;{}&#8220; custom_padding__hover=&#8220;|||&#8220;][et_pb_text admin_label=&#8220;leer&#8220; _builder_version=&#8220;4.17.4&#8243; header_font=&#8220;|600|||||||&#8220; header_font_size=&#8220;59px&#8220; global_colors_info=&#8220;{}&#8220;]<\/p>\n<p>&nbsp;<\/p>\n<p>&nbsp;<\/p>\n<p>[\/et_pb_text][et_pb_text admin_label=&#8220;Statement \/ Zitat&#8220; _builder_version=&#8220;4.17.4&#8243; header_font=&#8220;Oswald|500|||||||&#8220; header_text_align=&#8220;center&#8220; header_text_color=&#8220;#ffffff&#8220; header_font_size=&#8220;56px&#8220; header_line_height=&#8220;1.7em&#8220; header_font_size_tablet=&#8220;58px&#8220; header_font_size_phone=&#8220;40px&#8220; header_font_size_last_edited=&#8220;on|phone&#8220; z_index_tablet=&#8220;500&#8243; text_text_shadow_horizontal_length_tablet=&#8220;0px&#8220; text_text_shadow_vertical_length_tablet=&#8220;0px&#8220; text_text_shadow_blur_strength_tablet=&#8220;1px&#8220; link_text_shadow_horizontal_length_tablet=&#8220;0px&#8220; link_text_shadow_vertical_length_tablet=&#8220;0px&#8220; link_text_shadow_blur_strength_tablet=&#8220;1px&#8220; ul_text_shadow_horizontal_length_tablet=&#8220;0px&#8220; ul_text_shadow_vertical_length_tablet=&#8220;0px&#8220; ul_text_shadow_blur_strength_tablet=&#8220;1px&#8220; ol_text_shadow_horizontal_length_tablet=&#8220;0px&#8220; ol_text_shadow_vertical_length_tablet=&#8220;0px&#8220; ol_text_shadow_blur_strength_tablet=&#8220;1px&#8220; quote_text_shadow_horizontal_length_tablet=&#8220;0px&#8220; quote_text_shadow_vertical_length_tablet=&#8220;0px&#8220; quote_text_shadow_blur_strength_tablet=&#8220;1px&#8220; header_text_shadow_horizontal_length_tablet=&#8220;0px&#8220; header_text_shadow_vertical_length_tablet=&#8220;0px&#8220; header_text_shadow_blur_strength_tablet=&#8220;1px&#8220; header_2_text_shadow_horizontal_length_tablet=&#8220;0px&#8220; header_2_text_shadow_vertical_length_tablet=&#8220;0px&#8220; header_2_text_shadow_blur_strength_tablet=&#8220;1px&#8220; header_3_text_shadow_horizontal_length_tablet=&#8220;0px&#8220; header_3_text_shadow_vertical_length_tablet=&#8220;0px&#8220; header_3_text_shadow_blur_strength_tablet=&#8220;1px&#8220; header_4_text_shadow_horizontal_length_tablet=&#8220;0px&#8220; header_4_text_shadow_vertical_length_tablet=&#8220;0px&#8220; header_4_text_shadow_blur_strength_tablet=&#8220;1px&#8220; header_5_text_shadow_horizontal_length_tablet=&#8220;0px&#8220; header_5_text_shadow_vertical_length_tablet=&#8220;0px&#8220; header_5_text_shadow_blur_strength_tablet=&#8220;1px&#8220; header_6_text_shadow_horizontal_length_tablet=&#8220;0px&#8220; header_6_text_shadow_vertical_length_tablet=&#8220;0px&#8220; header_6_text_shadow_blur_strength_tablet=&#8220;1px&#8220; box_shadow_horizontal_tablet=&#8220;0px&#8220; box_shadow_vertical_tablet=&#8220;0px&#8220; box_shadow_blur_tablet=&#8220;40px&#8220; box_shadow_spread_tablet=&#8220;0px&#8220; global_colors_info=&#8220;{}&#8220;]<\/p>\n<h1 style=\"text-align: center;\">&#8222;Mit externen Benchmarks geht h\u00e4ufig eine Intransparenz [&#8230;] einher.&#8220;<\/h1>\n<p>[\/et_pb_text][et_pb_text admin_label=&#8220;leer&#8220; _builder_version=&#8220;4.17.4&#8243; header_font=&#8220;|600|||||||&#8220; header_font_size=&#8220;59px&#8220; global_colors_info=&#8220;{}&#8220;]<\/p>\n<p>&nbsp;<\/p>\n<p>&nbsp;<\/p>\n<p>[\/et_pb_text][\/et_pb_column][\/et_pb_row][\/et_pb_section][et_pb_section fb_built=&#8220;1&#8243; admin_label=&#8220;CONTENT | L\u00f6sungsansatz&#8220; module_id=&#8220;loesung&#8220; _builder_version=&#8220;4.17.4&#8243; background_color=&#8220;#ffffff&#8220; custom_padding=&#8220;|||&#8220; global_colors_info=&#8220;{}&#8220;][et_pb_row column_structure=&#8220;1_3,2_3&#8243; _builder_version=&#8220;4.16&#8243; global_colors_info=&#8220;{}&#8220;][et_pb_column type=&#8220;1_3&#8243; _builder_version=&#8220;4.16&#8243; custom_padding=&#8220;|||&#8220; global_colors_info=&#8220;{}&#8220; custom_padding__hover=&#8220;|||&#8220;][et_pb_text admin_label=&#8220;leer&#8220; _builder_version=&#8220;4.17.4&#8243; text_font=&#8220;|600|||||||&#8220; text_font_size=&#8220;20px&#8220; global_colors_info=&#8220;{}&#8220;][\/et_pb_text][et_pb_text admin_label=&#8220;L\u00d6SUNGSANSATZ&#8220; _builder_version=&#8220;4.17.4&#8243; header_font=&#8220;|600|||||||&#8220; header_font_size=&#8220;36px&#8220; global_colors_info=&#8220;{}&#8220;]<\/p>\n<h1>L\u00d6SUNGSANSATZ<\/h1>\n<p>[\/et_pb_text][et_pb_divider _builder_version=&#8220;4.16&#8243; global_colors_info=&#8220;{}&#8220;][\/et_pb_divider][et_pb_text admin_label=&#8220;Subline&#8220; _builder_version=&#8220;4.17.4&#8243; text_font=&#8220;|300|||||||&#8220; text_font_size=&#8220;21px&#8220; global_colors_info=&#8220;{}&#8220;]<\/p>\n<p>Wie wir der Sache begegnen<\/p>\n<p>[\/et_pb_text][\/et_pb_column][et_pb_column type=&#8220;2_3&#8243; _builder_version=&#8220;4.16&#8243; custom_padding=&#8220;|||&#8220; global_colors_info=&#8220;{}&#8220; custom_padding__hover=&#8220;|||&#8220;][et_pb_text admin_label=&#8220;leer&#8220; _builder_version=&#8220;4.17.4&#8243; text_font_size=&#8220;18px&#8220; global_colors_info=&#8220;{}&#8220;][\/et_pb_text][et_pb_text _builder_version=&#8220;4.17.4&#8243; text_font_size=&#8220;17px&#8220; text_line_height=&#8220;1.8em&#8220; z_index_tablet=&#8220;500&#8243; text_text_shadow_horizontal_length_tablet=&#8220;0px&#8220; text_text_shadow_vertical_length_tablet=&#8220;0px&#8220; text_text_shadow_blur_strength_tablet=&#8220;1px&#8220; link_text_shadow_horizontal_length_tablet=&#8220;0px&#8220; link_text_shadow_vertical_length_tablet=&#8220;0px&#8220; link_text_shadow_blur_strength_tablet=&#8220;1px&#8220; ul_text_shadow_horizontal_length_tablet=&#8220;0px&#8220; ul_text_shadow_vertical_length_tablet=&#8220;0px&#8220; ul_text_shadow_blur_strength_tablet=&#8220;1px&#8220; ol_text_shadow_horizontal_length_tablet=&#8220;0px&#8220; ol_text_shadow_vertical_length_tablet=&#8220;0px&#8220; ol_text_shadow_blur_strength_tablet=&#8220;1px&#8220; quote_text_shadow_horizontal_length_tablet=&#8220;0px&#8220; quote_text_shadow_vertical_length_tablet=&#8220;0px&#8220; quote_text_shadow_blur_strength_tablet=&#8220;1px&#8220; header_text_shadow_horizontal_length_tablet=&#8220;0px&#8220; header_text_shadow_vertical_length_tablet=&#8220;0px&#8220; header_text_shadow_blur_strength_tablet=&#8220;1px&#8220; header_2_text_shadow_horizontal_length_tablet=&#8220;0px&#8220; header_2_text_shadow_vertical_length_tablet=&#8220;0px&#8220; header_2_text_shadow_blur_strength_tablet=&#8220;1px&#8220; header_3_text_shadow_horizontal_length_tablet=&#8220;0px&#8220; header_3_text_shadow_vertical_length_tablet=&#8220;0px&#8220; header_3_text_shadow_blur_strength_tablet=&#8220;1px&#8220; header_4_text_shadow_horizontal_length_tablet=&#8220;0px&#8220; header_4_text_shadow_vertical_length_tablet=&#8220;0px&#8220; header_4_text_shadow_blur_strength_tablet=&#8220;1px&#8220; header_5_text_shadow_horizontal_length_tablet=&#8220;0px&#8220; header_5_text_shadow_vertical_length_tablet=&#8220;0px&#8220; header_5_text_shadow_blur_strength_tablet=&#8220;1px&#8220; header_6_text_shadow_horizontal_length_tablet=&#8220;0px&#8220; header_6_text_shadow_vertical_length_tablet=&#8220;0px&#8220; header_6_text_shadow_blur_strength_tablet=&#8220;1px&#8220; box_shadow_horizontal_tablet=&#8220;0px&#8220; box_shadow_vertical_tablet=&#8220;0px&#8220; box_shadow_blur_tablet=&#8220;40px&#8220; box_shadow_spread_tablet=&#8220;0px&#8220; global_colors_info=&#8220;{}&#8220;]<\/p>\n<p>Um diesen Herausforderungen beim Benchmarking, insbesondere in Hinblick auf Berechnungsgrundlagen und einflie\u00dfenden Daten zu begegnen, wurde die RACER Benchmark Group gegr\u00fcndet &#8211; eine Gruppe, die sich im rechtlich gesch\u00fctzten Raum anonymisiert benchmarkt und innerhalb von klar definierten juristischen Grenzen Ihre Erfahrungen austauscht.<\/p>\n<p>Die Gruppe umfasst heute 16 f\u00fchrende deutsche Unternehmen und verfolgt mit ihrer Arbeit zwei wesentlich Ziele: Zum einen die Bereitstellung von belastbaren Benchmarks zu bestimmten Zielgr\u00f6\u00dfen und Facetten im Kontext der MAB, die f\u00fcr die Mitglieder in ihrer Zusammensetzung und den inhaltlichen und zeitlichen Bezugsgr\u00f6\u00dfen maximal transparent und \u00fcberpr\u00fcfbar sind.<\/p>\n<p>Dabei handelt es sich um Items und Indizes f\u00fcr beeinflussbare Leistungsindikatoren auf Mitarbeitenden- und Unternehmensebene.<\/p>\n<p>Zum anderen hat gerade in den letzten Jahren die Bedeutung des pers\u00f6nlichen Austauschs stark zugenommen. So unterst\u00fctzt die RACER Benchmark Group den Erfahrungs- und Best Practice Austausch zwischen den Mitgliedern, aber auch zwischen Mitgliedsunternehmen und der Gruppe nicht zugeh\u00f6rigen Unternehmen. Dazu existieren verschiedene Formate, die den Dialog in Hinblick auf Personalforschung und damit letzten Endes die Weiterentwicklung der Ans\u00e4tze innerhalb der Unternehmen und der Gruppe f\u00f6rdern.<\/p>\n<p>[\/et_pb_text][et_pb_button button_url=&#8220;#kontakt&#8220; button_text=&#8220;\u00dcberzeugt?&#8220; _builder_version=&#8220;4.17.4&#8243; custom_button=&#8220;on&#8220; button_border_width=&#8220;1px&#8220; button_font=&#8220;Oswald||||||||&#8220; global_colors_info=&#8220;{}&#8220;][\/et_pb_button][\/et_pb_column][\/et_pb_row][\/et_pb_section][et_pb_section fb_built=&#8220;1&#8243; admin_label=&#8220;Footer mit Kontakt&#8220; module_id=&#8220;kontakt&#8220; _builder_version=&#8220;4.17.4&#8243; border_width_top=&#8220;3px&#8220; border_color_top=&#8220;#690109&#8243; global_colors_info=&#8220;{}&#8220;][et_pb_row admin_label=&#8220;\u00dcberschrift mittig&#8220; _builder_version=&#8220;4.17.4&#8243; _module_preset=&#8220;default&#8220; custom_margin=&#8220;||||false|false&#8220; custom_padding=&#8220;||||false|false&#8220; global_colors_info=&#8220;{}&#8220;][et_pb_column type=&#8220;4_4&#8243; _builder_version=&#8220;4.17.4&#8243; _module_preset=&#8220;default&#8220; global_colors_info=&#8220;{}&#8220;][et_pb_text admin_label=&#8220;KONTAKT&#8220; _builder_version=&#8220;4.17.4&#8243; header_font=&#8220;|600|||||||&#8220; header_font_size=&#8220;44px&#8220; custom_margin=&#8220;25px||||false|false&#8220; custom_padding=&#8220;25px||||false|false&#8220; global_colors_info=&#8220;{}&#8220;]<\/p>\n<h1 style=\"text-align: center;\">KONTAKT<\/h1>\n<p>[\/et_pb_text][et_pb_divider _builder_version=&#8220;4.17.4&#8243; width=&#8220;100px&#8220; module_alignment=&#8220;center&#8220; global_colors_info=&#8220;{}&#8220;][\/et_pb_divider][et_pb_text admin_label=&#8220;Subline&#8220; _builder_version=&#8220;4.17.4&#8243; text_font=&#8220;|300|||||||&#8220; text_font_size=&#8220;21px&#8220; global_colors_info=&#8220;{}&#8220;]<\/p>\n<p style=\"text-align: center;\">Einfach anrufen oder mailen! Oder wollen Sie wirklich einen Brief schicken?<\/p>\n<p>[\/et_pb_text][\/et_pb_column][\/et_pb_row][et_pb_row column_structure=&#8220;1_3,1_3,1_3&#8243; _builder_version=&#8220;4.16&#8243; custom_padding=&#8220;|||&#8220; global_colors_info=&#8220;{}&#8220;][et_pb_column type=&#8220;1_3&#8243; _builder_version=&#8220;4.16&#8243; custom_padding=&#8220;|||&#8220; global_colors_info=&#8220;{}&#8220; custom_padding__hover=&#8220;|||&#8220;][et_pb_blurb title=&#8220;Gesch\u00e4ftsadresse&#8220; use_icon=&#8220;on&#8220; font_icon=&#8220;&#xe074;||divi||400&#8243; image_icon_width=&#8220;32px&#8220; _builder_version=&#8220;4.21.0&#8243; header_font=&#8220;Josefin Sans|700||on|||||&#8220; header_text_align=&#8220;center&#8220; body_font=&#8220;Open Sans||||||||&#8220; body_text_align=&#8220;center&#8220; body_font_size=&#8220;18px&#8220; hover_enabled=&#8220;0&#8243; icon_font_size=&#8220;32px&#8220; global_colors_info=&#8220;{}&#8220; sticky_enabled=&#8220;0&#8243;]<\/p>\n<p>An Dreilinden 10e<br \/>40629 D\u00fcsseldorf<\/p>\n<p>[\/et_pb_blurb][\/et_pb_column][et_pb_column type=&#8220;1_3&#8243; _builder_version=&#8220;4.16&#8243; custom_padding=&#8220;|||&#8220; global_colors_info=&#8220;{}&#8220; custom_padding__hover=&#8220;|||&#8220;][et_pb_blurb title=&#8220;Telefon&#8220; use_icon=&#8220;on&#8220; font_icon=&#8220;&#xe090;||divi||400&#8243; image_icon_width=&#8220;32px&#8220; _builder_version=&#8220;4.16&#8243; header_font=&#8220;Josefin Sans|700||on|||||&#8220; header_text_align=&#8220;center&#8220; body_font=&#8220;Open Sans||||||||&#8220; body_text_align=&#8220;center&#8220; body_font_size=&#8220;18px&#8220; animation_style=&#8220;fold&#8220; animation_direction=&#8220;left&#8220; animation_delay=&#8220;200ms&#8220; animation_intensity_fold=&#8220;20%&#8220; z_index_tablet=&#8220;500&#8243; header_text_shadow_horizontal_length_tablet=&#8220;0px&#8220; header_text_shadow_vertical_length_tablet=&#8220;0px&#8220; header_text_shadow_blur_strength_tablet=&#8220;1px&#8220; body_text_shadow_horizontal_length_tablet=&#8220;0px&#8220; body_text_shadow_vertical_length_tablet=&#8220;0px&#8220; body_text_shadow_blur_strength_tablet=&#8220;1px&#8220; body_link_text_shadow_horizontal_length_tablet=&#8220;0px&#8220; body_link_text_shadow_vertical_length_tablet=&#8220;0px&#8220; body_link_text_shadow_blur_strength_tablet=&#8220;1px&#8220; body_ul_text_shadow_horizontal_length_tablet=&#8220;0px&#8220; body_ul_text_shadow_vertical_length_tablet=&#8220;0px&#8220; body_ul_text_shadow_blur_strength_tablet=&#8220;1px&#8220; body_ol_text_shadow_horizontal_length_tablet=&#8220;0px&#8220; body_ol_text_shadow_vertical_length_tablet=&#8220;0px&#8220; body_ol_text_shadow_blur_strength_tablet=&#8220;1px&#8220; body_quote_text_shadow_horizontal_length_tablet=&#8220;0px&#8220; body_quote_text_shadow_vertical_length_tablet=&#8220;0px&#8220; body_quote_text_shadow_blur_strength_tablet=&#8220;1px&#8220; box_shadow_horizontal_tablet=&#8220;0px&#8220; box_shadow_vertical_tablet=&#8220;0px&#8220; box_shadow_blur_tablet=&#8220;40px&#8220; box_shadow_spread_tablet=&#8220;0px&#8220; box_shadow_horizontal_image_tablet=&#8220;0px&#8220; box_shadow_vertical_image_tablet=&#8220;0px&#8220; box_shadow_blur_image_tablet=&#8220;40px&#8220; box_shadow_spread_image_tablet=&#8220;0px&#8220; text_shadow_horizontal_length_tablet=&#8220;0px&#8220; text_shadow_vertical_length_tablet=&#8220;0px&#8220; text_shadow_blur_strength_tablet=&#8220;1px&#8220; icon_font_size=&#8220;32px&#8220; global_colors_info=&#8220;{}&#8220;]<\/p>\n<p>+49 178 18 97 79 1<\/p>\n<p>[\/et_pb_blurb][\/et_pb_column][et_pb_column type=&#8220;1_3&#8243; _builder_version=&#8220;4.16&#8243; custom_padding=&#8220;|||&#8220; global_colors_info=&#8220;{}&#8220; custom_padding__hover=&#8220;|||&#8220;][et_pb_blurb title=&#8220;E-Mail&#8220; use_icon=&#8220;on&#8220; font_icon=&#8220;&#xe076;||divi||400&#8243; image_icon_width=&#8220;32px&#8220; _builder_version=&#8220;4.16&#8243; header_font=&#8220;Josefin Sans|700||on|||||&#8220; header_text_align=&#8220;center&#8220; body_font=&#8220;Open Sans||||||||&#8220; body_text_align=&#8220;center&#8220; body_font_size=&#8220;18px&#8220; animation_style=&#8220;fold&#8220; animation_direction=&#8220;left&#8220; animation_delay=&#8220;200ms&#8220; animation_intensity_fold=&#8220;20%&#8220; icon_font_size=&#8220;32px&#8220; global_colors_info=&#8220;{}&#8220;]<\/p>\n<p><span id=\"et-info-email\">kontakt@racer-group.de<\/span><\/p>\n<p>[\/et_pb_blurb][\/et_pb_column][\/et_pb_row][\/et_pb_section]<\/p>\n","protected":false},"excerpt":{"rendered":"<p>Benchmarking und Best Practice Austausch als Basis f\u00fcr die Interpretation der Ergebnisse von Mitarbeitendenbefragungen, Erschlie\u00dfen von Handlungsfeldern sowie der zielgerichteten Ableitung von Folgema\u00dfnahmen. &nbsp; HERAUSFORDERUNGWas die Sache komplexer machtDie MAB, ob als Vollbefragung, Teilbefragung, Pulse Check oder weiteren Formaten, sollte bei Einsatz immer wesentlicher Bestandteil der Organisationsentwicklung sein. Vor allem bei der Interpretation der Ergebnisse [&hellip;]<\/p>\n","protected":false},"author":3,"featured_media":0,"parent":0,"menu_order":0,"comment_status":"closed","ping_status":"closed","template":"","meta":{"_et_pb_use_builder":"on","_et_pb_old_content":"","_et_gb_content_width":"","footnotes":""},"dipi_cpt_category":[],"class_list":["post-1779","page","type-page","status-publish","hentry"],"_links":{"self":[{"href":"https:\/\/racer-group.de\/fr\/wp-json\/wp\/v2\/pages\/1779","targetHints":{"allow":["GET"]}}],"collection":[{"href":"https:\/\/racer-group.de\/fr\/wp-json\/wp\/v2\/pages"}],"about":[{"href":"https:\/\/racer-group.de\/fr\/wp-json\/wp\/v2\/types\/page"}],"author":[{"embeddable":true,"href":"https:\/\/racer-group.de\/fr\/wp-json\/wp\/v2\/users\/3"}],"replies":[{"embeddable":true,"href":"https:\/\/racer-group.de\/fr\/wp-json\/wp\/v2\/comments?post=1779"}],"version-history":[{"count":10,"href":"https:\/\/racer-group.de\/fr\/wp-json\/wp\/v2\/pages\/1779\/revisions"}],"predecessor-version":[{"id":1892,"href":"https:\/\/racer-group.de\/fr\/wp-json\/wp\/v2\/pages\/1779\/revisions\/1892"}],"wp:attachment":[{"href":"https:\/\/racer-group.de\/fr\/wp-json\/wp\/v2\/media?parent=1779"}],"wp:term":[{"taxonomy":"dipi_cpt_category","embeddable":true,"href":"https:\/\/racer-group.de\/fr\/wp-json\/wp\/v2\/dipi_cpt_category?post=1779"}],"curies":[{"name":"wp","href":"https:\/\/api.w.org\/{rel}","templated":true}]}}